{"id":709,"date":"2025-09-02T02:45:24","date_gmt":"2025-09-02T02:45:24","guid":{"rendered":"https:\/\/shinylabeling.com\/?page_id=709"},"modified":"2026-04-18T03:35:16","modified_gmt":"2026-04-18T03:35:16","slug":"products","status":"publish","type":"page","link":"https:\/\/www.shinylabeling.com\/de\/products\/","title":{"rendered":"Produkt"},"content":{"rendered":"<div data-elementor-type=\"wp-page\" data-elementor-id=\"709\" class=\"elementor elementor-709\" data-elementor-post-type=\"page\">\n\t\t\t\t<div class=\"elementor-element elementor-element-059244d e-con-full e-flex e-con e-parent\" data-id=\"059244d\" data-element_type=\"container\" data-e-type=\"container\" data-settings=\"{&quot;background_background&quot;:&quot;classic&quot;}\">\n\t\t\t\t<div class=\"elementor-element elementor-element-1f98cfa elementor-widget elementor-widget-spacer\" data-id=\"1f98cfa\" data-element_type=\"widget\" data-e-type=\"widget\" data-widget_type=\"spacer.default\">\n\t\t\t\t\t\t\t<div class=\"elementor-spacer\">\n\t\t\t<div class=\"elementor-spacer-inner\"><\/div>\n\t\t<\/div>\n\t\t\t\t\t\t<\/div>\n\t\t\t\t<div class=\"elementor-element elementor-element-ede185e elementor-widget__width-initial elementor-widget-tablet__width-inherit elementor-widget elementor-widget-heading\" data-id=\"ede185e\" data-element_type=\"widget\" data-e-type=\"widget\" data-widget_type=\"heading.default\">\n\t\t\t\t\t<h1 class=\"elementor-heading-title elementor-size-default\">Hersteller von industriellen Etikettiermaschinen<\/h1>\t\t\t\t<\/div>\n\t\t\t\t<div class=\"elementor-element elementor-element-7b90571 elementor-widget elementor-widget-spacer\" data-id=\"7b90571\" data-element_type=\"widget\" data-e-type=\"widget\" data-widget_type=\"spacer.default\">\n\t\t\t\t\t\t\t<div class=\"elementor-spacer\">\n\t\t\t<div class=\"elementor-spacer-inner\"><\/div>\n\t\t<\/div>\n\t\t\t\t\t\t<\/div>\n\t\t\t\t<\/div>\n\t\t<div class=\"elementor-element elementor-element-b9f5a33 e-con-full e-flex e-con e-parent\" data-id=\"b9f5a33\" data-element_type=\"container\" data-e-type=\"container\">\n\t\t\t\t<div class=\"elementor-element elementor-element-94feb65 elementor-widget elementor-widget-spacer\" data-id=\"94feb65\" data-element_type=\"widget\" data-e-type=\"widget\" data-widget_type=\"spacer.default\">\n\t\t\t\t\t\t\t<div class=\"elementor-spacer\">\n\t\t\t<div class=\"elementor-spacer-inner\"><\/div>\n\t\t<\/div>\n\t\t\t\t\t\t<\/div>\n\t\t\t\t<div class=\"elementor-element elementor-element-419d54d elementor-widget elementor-widget-heading\" data-id=\"419d54d\" data-element_type=\"widget\" data-e-type=\"widget\" data-widget_type=\"heading.default\">\n\t\t\t\t\t<h2 class=\"elementor-heading-title elementor-size-default\">Automatische Etikettiermaschine<\/h2>\t\t\t\t<\/div>\n\t\t\t\t<div class=\"elementor-element elementor-element-ccea25d elementor-widget elementor-widget-text-editor\" data-id=\"ccea25d\" data-element_type=\"widget\" data-e-type=\"widget\" data-widget_type=\"text-editor.default\">\n\t\t\t\t\t\t\t\t\t<p>Industrielle, automatische Etikettierl\u00f6sungen f\u00fcr Flaschen, ebene Oberfl\u00e4chen und kundenspezifische Anwendungen. Entwickelt f\u00fcr Effizienz, Pr\u00e4zision und nahtlose Produktionsintegration.<\/p>\t\t\t\t\t\t\t\t<\/div>\n\t\t<div class=\"elementor-element elementor-element-4085352 e-con-full e-flex e-con e-child\" data-id=\"4085352\" data-element_type=\"container\" data-e-type=\"container\">\n\t\t\t\t<div class=\"elementor-element elementor-element-32ef366 elementor-widget elementor-widget-spacer\" data-id=\"32ef366\" data-element_type=\"widget\" data-e-type=\"widget\" data-widget_type=\"spacer.default\">\n\t\t\t\t\t\t\t<div class=\"elementor-spacer\">\n\t\t\t<div class=\"elementor-spacer-inner\"><\/div>\n\t\t<\/div>\n\t\t\t\t\t\t<\/div>\n\t\t\t\t<\/div>\n\t\t\t\t<\/div>\n\t\t<div class=\"elementor-element elementor-element-0a910b5 e-con-full e-flex e-con e-parent\" data-id=\"0a910b5\" data-element_type=\"container\" data-e-type=\"container\">\n\t\t<div class=\"elementor-element elementor-element-24ce37d e-con-full e-flex e-con e-child\" data-id=\"24ce37d\" data-element_type=\"container\" data-e-type=\"container\">\n\t\t\t\t<div class=\"elementor-element elementor-element-77dbb30 elementor-position-top elementor-widget elementor-widget-image-box\" data-id=\"77dbb30\" data-element_type=\"widget\" data-e-type=\"widget\" data-widget_type=\"image-box.default\">\n\t\t\t\t\t<div class=\"elementor-image-box-wrapper\"><figure class=\"elementor-image-box-img\"><a href=\"https:\/\/www.shinylabeling.com\/de\/automatische-flachetikettiermaschine\/\" archeive=\"\" tabindex=\"-1\" target=\"_blank\"><img fetchpriority=\"high\" decoding=\"async\" width=\"800\" height=\"800\" src=\"https:\/\/www.shinylabeling.com\/wp-content\/uploads\/2025\/08\/Fully-Automatic-Flat-Labeling-Machine-2.webp\" class=\"attachment-full size-full wp-image-371\" alt=\"Automatische Kartonetikettiermaschine\" srcset=\"https:\/\/www.shinylabeling.com\/wp-content\/uploads\/2025\/08\/Fully-Automatic-Flat-Labeling-Machine-2.webp 800w, https:\/\/www.shinylabeling.com\/wp-content\/uploads\/2025\/08\/Fully-Automatic-Flat-Labeling-Machine-2-300x300.webp 300w, https:\/\/www.shinylabeling.com\/wp-content\/uploads\/2025\/08\/Fully-Automatic-Flat-Labeling-Machine-2-150x150.webp 150w, https:\/\/www.shinylabeling.com\/wp-content\/uploads\/2025\/08\/Fully-Automatic-Flat-Labeling-Machine-2-768x768.webp 768w, https:\/\/www.shinylabeling.com\/wp-content\/uploads\/2025\/08\/Fully-Automatic-Flat-Labeling-Machine-2-12x12.webp 12w\" sizes=\"(max-width: 800px) 100vw, 800px\" \/><\/a><\/figure><div class=\"elementor-image-box-content\"><h3 class=\"elementor-image-box-title\"><a href=\"https:\/\/www.shinylabeling.com\/de\/automatische-flachetikettiermaschine\/\" archeive=\"\" target=\"_blank\">Industrielle automatische Flachetikettiermaschine<\/a><\/h3><p class=\"elementor-image-box-description\">Die automatische Flachetikettiermaschine liefert pr\u00e4zise Etiketten auf flachen Oberfl\u00e4chen wie Kartons, T\u00fcten und Beh\u00e4ltern.<\/p><\/div><\/div>\t\t\t\t<\/div>\n\t\t\t\t<\/div>\n\t\t<div class=\"elementor-element elementor-element-1fd45ad e-con-full e-flex e-con e-child\" data-id=\"1fd45ad\" data-element_type=\"container\" data-e-type=\"container\">\n\t\t\t\t<div class=\"elementor-element elementor-element-37265fa elementor-position-top elementor-widget elementor-widget-image-box\" data-id=\"37265fa\" data-element_type=\"widget\" data-e-type=\"widget\" data-widget_type=\"image-box.default\">\n\t\t\t\t\t<div class=\"elementor-image-box-wrapper\"><figure class=\"elementor-image-box-img\"><a href=\"https:\/\/www.shinylabeling.com\/de\/automatische-etikettiermaschine-fur-beilagenkarten\/\" tabindex=\"-1\" target=\"_blank\"><img decoding=\"async\" width=\"800\" height=\"800\" src=\"https:\/\/www.shinylabeling.com\/wp-content\/uploads\/2025\/08\/Fully-Automatic-Leafleting-Card-Labeling-Machine.webp\" class=\"attachment-full size-full wp-image-601\" alt=\"Vorderansicht einer automatischen Beuteletikettiermaschine\" srcset=\"https:\/\/www.shinylabeling.com\/wp-content\/uploads\/2025\/08\/Fully-Automatic-Leafleting-Card-Labeling-Machine.webp 800w, https:\/\/www.shinylabeling.com\/wp-content\/uploads\/2025\/08\/Fully-Automatic-Leafleting-Card-Labeling-Machine-300x300.webp 300w, https:\/\/www.shinylabeling.com\/wp-content\/uploads\/2025\/08\/Fully-Automatic-Leafleting-Card-Labeling-Machine-150x150.webp 150w, https:\/\/www.shinylabeling.com\/wp-content\/uploads\/2025\/08\/Fully-Automatic-Leafleting-Card-Labeling-Machine-768x768.webp 768w, https:\/\/www.shinylabeling.com\/wp-content\/uploads\/2025\/08\/Fully-Automatic-Leafleting-Card-Labeling-Machine-12x12.webp 12w\" sizes=\"(max-width: 800px) 100vw, 800px\" \/><\/a><\/figure><div class=\"elementor-image-box-content\"><h3 class=\"elementor-image-box-title\"><a href=\"https:\/\/www.shinylabeling.com\/de\/automatische-etikettiermaschine-fur-beilagenkarten\/\" target=\"_blank\">Automatische Beuteletikettiermaschine<\/a><\/h3><p class=\"elementor-image-box-description\">Die automatische Beutel-Beipack- und Etikettiermaschine mit Zuf\u00fchrung bringt Anweisungskarten oder Beipackzettel effizient auf die Produktverpackung auf.<\/p><\/div><\/div>\t\t\t\t<\/div>\n\t\t\t\t<\/div>\n\t\t<div class=\"elementor-element elementor-element-9773ddf e-con-full e-flex e-con e-child\" data-id=\"9773ddf\" data-element_type=\"container\" data-e-type=\"container\">\n\t\t\t\t<div class=\"elementor-element elementor-element-e5a2998 elementor-position-top elementor-widget elementor-widget-image-box\" data-id=\"e5a2998\" data-element_type=\"widget\" data-e-type=\"widget\" data-widget_type=\"image-box.default\">\n\t\t\t\t\t<div class=\"elementor-image-box-wrapper\"><figure class=\"elementor-image-box-img\"><a href=\"https:\/\/www.shinylabeling.com\/de\/automatische-tubenetikettiermaschine\/\" tabindex=\"-1\" target=\"_blank\"><img decoding=\"async\" width=\"800\" height=\"800\" src=\"https:\/\/www.shinylabeling.com\/wp-content\/uploads\/2025\/09\/Automatic-tube-labeling-machine-front-view-800x800-px.webp\" class=\"attachment-full size-full wp-image-1950\" alt=\"Vorderansicht einer vollautomatischen Fl\u00e4schchenetikettiermaschine\" srcset=\"https:\/\/www.shinylabeling.com\/wp-content\/uploads\/2025\/09\/Automatic-tube-labeling-machine-front-view-800x800-px.webp 800w, https:\/\/www.shinylabeling.com\/wp-content\/uploads\/2025\/09\/Automatic-tube-labeling-machine-front-view-800x800-px-300x300.webp 300w, https:\/\/www.shinylabeling.com\/wp-content\/uploads\/2025\/09\/Automatic-tube-labeling-machine-front-view-800x800-px-150x150.webp 150w, https:\/\/www.shinylabeling.com\/wp-content\/uploads\/2025\/09\/Automatic-tube-labeling-machine-front-view-800x800-px-768x768.webp 768w, https:\/\/www.shinylabeling.com\/wp-content\/uploads\/2025\/09\/Automatic-tube-labeling-machine-front-view-800x800-px-12x12.webp 12w\" sizes=\"(max-width: 800px) 100vw, 800px\" \/><\/a><\/figure><div class=\"elementor-image-box-content\"><h3 class=\"elementor-image-box-title\"><a href=\"https:\/\/www.shinylabeling.com\/de\/automatische-tubenetikettiermaschine\/\" target=\"_blank\">Automatische Tubenetikettiermaschine<\/a><\/h3><p class=\"elementor-image-box-description\">Der automatische horizontale Etikettenapplikator f\u00fcr R\u00f6hrchen erm\u00f6glicht eine schnelle und pr\u00e4zise Etikettierung von Fl\u00e4schchen, Ampullen und anderen Objekten mit kleinem Durchmesser.<\/p><\/div><\/div>\t\t\t\t<\/div>\n\t\t\t\t<\/div>\n\t\t<div class=\"elementor-element elementor-element-9fc29ac e-con-full e-flex e-con e-child\" data-id=\"9fc29ac\" data-element_type=\"container\" data-e-type=\"container\">\n\t\t\t\t<div class=\"elementor-element elementor-element-ac29737 elementor-position-top elementor-widget elementor-widget-image-box\" data-id=\"ac29737\" data-element_type=\"widget\" data-e-type=\"widget\" data-widget_type=\"image-box.default\">\n\t\t\t\t\t<div class=\"elementor-image-box-wrapper\"><figure class=\"elementor-image-box-img\"><a href=\"https:\/\/www.shinylabeling.com\/de\/automatic-corner-labeling-and-sealing-machine\/\" tabindex=\"-1\" target=\"_blank\"><img loading=\"lazy\" decoding=\"async\" width=\"800\" height=\"800\" src=\"https:\/\/www.shinylabeling.com\/wp-content\/uploads\/2025\/09\/Shiny-Labeling-Fully-Automatic-Corner-Labeling-and-Sealing-Machine-Fron-View.webp\" class=\"attachment-full size-full wp-image-1483\" alt=\"Vorderansicht einer vollautomatischen Eckenetikettier- und Versiegelungsmaschine\" srcset=\"https:\/\/www.shinylabeling.com\/wp-content\/uploads\/2025\/09\/Shiny-Labeling-Fully-Automatic-Corner-Labeling-and-Sealing-Machine-Fron-View.webp 800w, https:\/\/www.shinylabeling.com\/wp-content\/uploads\/2025\/09\/Shiny-Labeling-Fully-Automatic-Corner-Labeling-and-Sealing-Machine-Fron-View-300x300.webp 300w, https:\/\/www.shinylabeling.com\/wp-content\/uploads\/2025\/09\/Shiny-Labeling-Fully-Automatic-Corner-Labeling-and-Sealing-Machine-Fron-View-150x150.webp 150w, https:\/\/www.shinylabeling.com\/wp-content\/uploads\/2025\/09\/Shiny-Labeling-Fully-Automatic-Corner-Labeling-and-Sealing-Machine-Fron-View-768x768.webp 768w, https:\/\/www.shinylabeling.com\/wp-content\/uploads\/2025\/09\/Shiny-Labeling-Fully-Automatic-Corner-Labeling-and-Sealing-Machine-Fron-View-12x12.webp 12w\" sizes=\"(max-width: 800px) 100vw, 800px\" \/><\/a><\/figure><div class=\"elementor-image-box-content\"><h3 class=\"elementor-image-box-title\"><a href=\"https:\/\/www.shinylabeling.com\/de\/automatic-corner-labeling-and-sealing-machine\/\" target=\"_blank\">Automatische Etikettiermaschine f\u00fcr Kartonecken<\/a><\/h3><p class=\"elementor-image-box-description\">Die automatische Ecken-Etikettier- und Verschlie\u00dfmaschine gew\u00e4hrleistet das sichere Verschlie\u00dfen von Kartons oder Schachteln mit pr\u00e4zisen Eckenetiketten.<\/p><\/div><\/div>\t\t\t\t<\/div>\n\t\t\t\t<\/div>\n\t\t<div class=\"elementor-element elementor-element-a7207c4 e-con-full e-flex e-con e-child\" data-id=\"a7207c4\" data-element_type=\"container\" data-e-type=\"container\">\n\t\t\t\t<div class=\"elementor-element elementor-element-65e9d18 elementor-position-top elementor-widget elementor-widget-image-box\" data-id=\"65e9d18\" data-element_type=\"widget\" data-e-type=\"widget\" data-widget_type=\"image-box.default\">\n\t\t\t\t\t<div class=\"elementor-image-box-wrapper\"><figure class=\"elementor-image-box-img\"><a href=\"https:\/\/www.shinylabeling.com\/de\/automatic-round-bottle-labeling-machine\/\" archeive=\"\" tabindex=\"-1\" target=\"_blank\"><img loading=\"lazy\" decoding=\"async\" width=\"800\" height=\"800\" src=\"https:\/\/www.shinylabeling.com\/wp-content\/uploads\/2025\/09\/Fully-Automatic-Vertical-Typle-Round-Bottle-Labeling-Machine-1.webp\" class=\"attachment-full size-full wp-image-683\" alt=\"Vorderansicht einer vollautomatischen vertikalen Etikettiermaschine f\u00fcr runde Flaschen vom Typ \u201eTypele\u201c.\" srcset=\"https:\/\/www.shinylabeling.com\/wp-content\/uploads\/2025\/09\/Fully-Automatic-Vertical-Typle-Round-Bottle-Labeling-Machine-1.webp 800w, https:\/\/www.shinylabeling.com\/wp-content\/uploads\/2025\/09\/Fully-Automatic-Vertical-Typle-Round-Bottle-Labeling-Machine-1-300x300.webp 300w, https:\/\/www.shinylabeling.com\/wp-content\/uploads\/2025\/09\/Fully-Automatic-Vertical-Typle-Round-Bottle-Labeling-Machine-1-150x150.webp 150w, https:\/\/www.shinylabeling.com\/wp-content\/uploads\/2025\/09\/Fully-Automatic-Vertical-Typle-Round-Bottle-Labeling-Machine-1-768x768.webp 768w, https:\/\/www.shinylabeling.com\/wp-content\/uploads\/2025\/09\/Fully-Automatic-Vertical-Typle-Round-Bottle-Labeling-Machine-1-12x12.webp 12w\" sizes=\"(max-width: 800px) 100vw, 800px\" \/><\/a><\/figure><div class=\"elementor-image-box-content\"><h3 class=\"elementor-image-box-title\"><a href=\"https:\/\/www.shinylabeling.com\/de\/automatic-round-bottle-labeling-machine\/\" archeive=\"\" target=\"_blank\">Automatische Rundflaschen-Etikettiermaschine<\/a><\/h3><p class=\"elementor-image-box-description\">Die vollautomatische Rundflaschen-Etikettiermaschine ist ideal f\u00fcr zylindrische Beh\u00e4lter und garantiert ein gleichm\u00e4\u00dfiges und konsistentes Aufbringen der Etiketten.<\/p><\/div><\/div>\t\t\t\t<\/div>\n\t\t\t\t<\/div>\n\t\t<div class=\"elementor-element elementor-element-2073e34 e-con-full e-flex e-con e-child\" data-id=\"2073e34\" data-element_type=\"container\" data-e-type=\"container\">\n\t\t\t\t<div class=\"elementor-element elementor-element-59e7b7c e-transform elementor-position-top elementor-widget elementor-widget-image-box\" data-id=\"59e7b7c\" data-element_type=\"widget\" data-e-type=\"widget\" data-settings=\"{&quot;_transform_rotateZ_effect&quot;:{&quot;unit&quot;:&quot;px&quot;,&quot;size&quot;:&quot;&quot;,&quot;sizes&quot;:[]},&quot;_transform_rotateZ_effect_tablet&quot;:{&quot;unit&quot;:&quot;deg&quot;,&quot;size&quot;:&quot;&quot;,&quot;sizes&quot;:[]},&quot;_transform_rotateZ_effect_mobile&quot;:{&quot;unit&quot;:&quot;deg&quot;,&quot;size&quot;:&quot;&quot;,&quot;sizes&quot;:[]}}\" data-widget_type=\"image-box.default\">\n\t\t\t\t\t<div class=\"elementor-image-box-wrapper\"><figure class=\"elementor-image-box-img\"><a href=\"https:\/\/www.shinylabeling.com\/de\/flat-bottle-labeling-machine\/\" archeive=\"\" tabindex=\"-1\" target=\"_blank\"><img loading=\"lazy\" decoding=\"async\" width=\"800\" height=\"800\" src=\"https:\/\/www.shinylabeling.com\/wp-content\/uploads\/2025\/09\/Fully-Automatic-Flat-Sided-Bottle-Labeling-Machine-\u200b-2.webp\" class=\"attachment-full size-full wp-image-686\" alt=\"Flachflaschen-Etikettiermaschine\" srcset=\"https:\/\/www.shinylabeling.com\/wp-content\/uploads\/2025\/09\/Fully-Automatic-Flat-Sided-Bottle-Labeling-Machine-\u200b-2.webp 800w, https:\/\/www.shinylabeling.com\/wp-content\/uploads\/2025\/09\/Fully-Automatic-Flat-Sided-Bottle-Labeling-Machine-\u200b-2-300x300.webp 300w, https:\/\/www.shinylabeling.com\/wp-content\/uploads\/2025\/09\/Fully-Automatic-Flat-Sided-Bottle-Labeling-Machine-\u200b-2-150x150.webp 150w, https:\/\/www.shinylabeling.com\/wp-content\/uploads\/2025\/09\/Fully-Automatic-Flat-Sided-Bottle-Labeling-Machine-\u200b-2-768x768.webp 768w, https:\/\/www.shinylabeling.com\/wp-content\/uploads\/2025\/09\/Fully-Automatic-Flat-Sided-Bottle-Labeling-Machine-\u200b-2-12x12.webp 12w\" sizes=\"(max-width: 800px) 100vw, 800px\" \/><\/a><\/figure><div class=\"elementor-image-box-content\"><h3 class=\"elementor-image-box-title\"><a href=\"https:\/\/www.shinylabeling.com\/de\/flat-bottle-labeling-machine\/\" archeive=\"\" target=\"_blank\">Automatische Etikettiermaschine f\u00fcr flache Flaschen <\/a><\/h3><p class=\"elementor-image-box-description\">Die vollautomatische Etikettiermaschine f\u00fcr Flaschen mit flachen Seiten bietet eine pr\u00e4zise Etikettierung f\u00fcr quadratische, rechteckige und flache Flaschen und gew\u00e4hrleistet professionelle Ergebnisse.<\/p><\/div><\/div>\t\t\t\t<\/div>\n\t\t\t\t<\/div>\n\t\t<div class=\"elementor-element elementor-element-60fa723 e-con-full e-flex e-con e-child\" data-id=\"60fa723\" data-element_type=\"container\" data-e-type=\"container\">\n\t\t\t\t<\/div>\n\t\t<div class=\"elementor-element elementor-element-210fc22 e-con-full e-flex e-con e-child\" data-id=\"210fc22\" data-element_type=\"container\" data-e-type=\"container\">\n\t\t\t\t<\/div>\n\t\t\t\t<\/div>\n\t\t<div class=\"elementor-element elementor-element-e8ffb02 e-con-full e-flex e-con e-parent\" data-id=\"e8ffb02\" data-element_type=\"container\" data-e-type=\"container\">\n\t\t\t\t<div class=\"elementor-element elementor-element-9ba7236 elementor-widget elementor-widget-spacer\" data-id=\"9ba7236\" data-element_type=\"widget\" data-e-type=\"widget\" data-widget_type=\"spacer.default\">\n\t\t\t\t\t\t\t<div class=\"elementor-spacer\">\n\t\t\t<div class=\"elementor-spacer-inner\"><\/div>\n\t\t<\/div>\n\t\t\t\t\t\t<\/div>\n\t\t\t\t<div class=\"elementor-element elementor-element-2b8abcb elementor-widget elementor-widget-heading\" data-id=\"2b8abcb\" data-element_type=\"widget\" data-e-type=\"widget\" data-widget_type=\"heading.default\">\n\t\t\t\t\t<h2 class=\"elementor-heading-title elementor-size-default\">Halbautomatische Etikettiermaschine <\/h2>\t\t\t\t<\/div>\n\t\t\t\t<div class=\"elementor-element elementor-element-7a290ca elementor-widget elementor-widget-text-editor\" data-id=\"7a290ca\" data-element_type=\"widget\" data-e-type=\"widget\" data-widget_type=\"text-editor.default\">\n\t\t\t\t\t\t\t\t\t<p>Halbautomatische Etikettierl\u00f6sungen f\u00fcr Flaschen, ebene Oberfl\u00e4chen und FMCG-Anwendungen.<\/p>\t\t\t\t\t\t\t\t<\/div>\n\t\t<div class=\"elementor-element elementor-element-9456004 e-con-full e-flex e-con e-child\" data-id=\"9456004\" data-element_type=\"container\" data-e-type=\"container\">\n\t\t\t\t<div class=\"elementor-element elementor-element-022e96f elementor-widget elementor-widget-text-editor\" data-id=\"022e96f\" data-element_type=\"widget\" data-e-type=\"widget\" data-widget_type=\"text-editor.default\">\n\t\t\t\t\t\t\t\t\t<p>Komme bald~<\/p>\t\t\t\t\t\t\t\t<\/div>\n\t\t\t\t<div class=\"elementor-element elementor-element-99287e4 elementor-widget elementor-widget-spacer\" data-id=\"99287e4\" data-element_type=\"widget\" data-e-type=\"widget\" data-widget_type=\"spacer.default\">\n\t\t\t\t\t\t\t<div class=\"elementor-spacer\">\n\t\t\t<div class=\"elementor-spacer-inner\"><\/div>\n\t\t<\/div>\n\t\t\t\t\t\t<\/div>\n\t\t\t\t<\/div>\n\t\t\t\t<\/div>\n\t\t<div class=\"elementor-element elementor-element-d2e3654 e-flex e-con-boxed e-con e-parent\" data-id=\"d2e3654\" data-element_type=\"container\" data-e-type=\"container\">\n\t\t\t\t\t<div class=\"e-con-inner\">\n\t\t\t\t<div class=\"elementor-element elementor-element-34e636f elementor-widget elementor-widget-spacer\" data-id=\"34e636f\" data-element_type=\"widget\" data-e-type=\"widget\" data-widget_type=\"spacer.default\">\n\t\t\t\t\t\t\t<div class=\"elementor-spacer\">\n\t\t\t<div class=\"elementor-spacer-inner\"><\/div>\n\t\t<\/div>\n\t\t\t\t\t\t<\/div>\n\t\t\t\t\t<\/div>\n\t\t\t\t<\/div>\n\t\t\t\t<\/div>","protected":false},"excerpt":{"rendered":"<p>Industrial Labeling Machines Manufacturer Automatic Labeling Machine Industrial Automatic labeling solutions for bottles, flat surfaces, and custom applications. Designed for [&hellip;]<\/p>\n","protected":false},"author":1,"featured_media":0,"parent":0,"menu_order":0,"comment_status":"closed","ping_status":"closed","template":"","meta":{"site-sidebar-layout":"no-sidebar","site-content-layout":"","ast-site-content-layout":"full-width-container","site-content-style":"default","site-sidebar-style":"default","ast-global-header-display":"","ast-banner-title-visibility":"","ast-main-header-display":"","ast-hfb-above-header-display":"","ast-hfb-below-header-display":"","ast-hfb-mobile-header-display":"","site-post-title":"disabled","ast-breadcrumbs-content":"","ast-featured-img":"disabled","footer-sml-layout":"","ast-disable-related-posts":"","theme-transparent-header-meta":"","adv-header-id-meta":"","stick-header-meta":"","header-above-stick-meta":"","header-main-stick-meta":"","header-below-stick-meta":"","astra-migrate-meta-layouts":"default","ast-page-background-enabled":"default","ast-page-background-meta":{"desktop":{"background-color":"var(--ast-global-color-5)","background-image":"","background-repeat":"repeat","background-position":"center center","background-size":"auto","background-attachment":"scroll","background-type":"","background-media":"","overlay-type":"","overlay-color":"","overlay-opacity":"","overlay-gradient":""},"tablet":{"background-color":"","background-image":"","background-repeat":"repeat","background-position":"center center","background-size":"auto","background-attachment":"scroll","background-type":"","background-media":"","overlay-type":"","overlay-color":"","overlay-opacity":"","overlay-gradient":""},"mobile":{"background-color":"","background-image":"","background-repeat":"repeat","background-position":"center center","background-size":"auto","background-attachment":"scroll","background-type":"","background-media":"","overlay-type":"","overlay-color":"","overlay-opacity":"","overlay-gradient":""}},"ast-content-background-meta":{"desktop":{"background-color":"var(--ast-global-color-4)","background-image":"","background-repeat":"repeat","background-position":"center center","background-size":"auto","background-attachment":"scroll","background-type":"","background-media":"","overlay-type":"","overlay-color":"","overlay-opacity":"","overlay-gradient":""},"tablet":{"background-color":"var(--ast-global-color-4)","background-image":"","background-repeat":"repeat","background-position":"center center","background-size":"auto","background-attachment":"scroll","background-type":"","background-media":"","overlay-type":"","overlay-color":"","overlay-opacity":"","overlay-gradient":""},"mobile":{"background-color":"var(--ast-global-color-4)","background-image":"","background-repeat":"repeat","background-position":"center center","background-size":"auto","background-attachment":"scroll","background-type":"","background-media":"","overlay-type":"","overlay-color":"","overlay-opacity":"","overlay-gradient":""}},"footnotes":""},"class_list":["post-709","page","type-page","status-publish","hentry"],"_links":{"self":[{"href":"https:\/\/www.shinylabeling.com\/de\/wp-json\/wp\/v2\/pages\/709","targetHints":{"allow":["GET"]}}],"collection":[{"href":"https:\/\/www.shinylabeling.com\/de\/wp-json\/wp\/v2\/pages"}],"about":[{"href":"https:\/\/www.shinylabeling.com\/de\/wp-json\/wp\/v2\/types\/page"}],"author":[{"embeddable":true,"href":"https:\/\/www.shinylabeling.com\/de\/wp-json\/wp\/v2\/users\/1"}],"replies":[{"embeddable":true,"href":"https:\/\/www.shinylabeling.com\/de\/wp-json\/wp\/v2\/comments?post=709"}],"version-history":[{"count":0,"href":"https:\/\/www.shinylabeling.com\/de\/wp-json\/wp\/v2\/pages\/709\/revisions"}],"wp:attachment":[{"href":"https:\/\/www.shinylabeling.com\/de\/wp-json\/wp\/v2\/media?parent=709"}],"curies":[{"name":"wp","href":"https:\/\/api.w.org\/{rel}","templated":true}]}}